{"id":13,"date":"2013-02-12T16:52:44","date_gmt":"2013-02-12T15:52:44","guid":{"rendered":"http:\/\/kanzlei-kellner.org\/blog\/?page_id=13"},"modified":"2025-01-12T12:40:04","modified_gmt":"2025-01-12T11:40:04","slug":"impressum-und-datenschutz","status":"publish","type":"page","link":"https:\/\/www.kanzlei-kellner.org\/blog\/impressum-und-datenschutz\/","title":{"rendered":"Impressum, Nutzungshinweise"},"content":{"rendered":"<p>ANGABEN GEM\u00c4\u00df \u00a7 5 TELEMEDIENGESETZ (TMG)<\/p>\n<h2>Anbieter und inhaltlich Verantwortlicher<\/h2>\n<p>Rechtsanw\u00e4ltin Judith Kellner<br \/>\nTherese-Blase-Stra\u00dfe 11, D-68309 Mannheim<br \/>\nTelefon: (0621) 73 44 46<br \/>\nTelefax: (0621) 799 43 061<br \/>\nEmail: <a title=\"Mailprogramm \u00f6ffnen\" href=\"mailto:info@kanzlei-kellner.org\">info@kanzlei-kellner.org<\/a><br \/>\nUSt-IdNr. DE143906071<\/p>\n<h2>Gesetzliche Berufsbezeichnung<\/h2>\n<p>Rechtsanw\u00e4ltin Kellner ist als Rechtsanw\u00e4ltin in der Bundesrepublik Deutschland zugelassen.<\/p>\n<h2>Zust\u00e4ndige Aufsichtsbeh\u00f6rde<\/h2>\n<p><a title=\"Website der Rechtsanwaltskammer\" href=\"http:\/\/www.rak-karlsruhe.de\/\">Rechtsanwaltskammer Karlsruhe<\/a><br \/>\nReinhold-Frank-Stra\u00dfe 72, 76133 Karlsruhe<br \/>\nTelefon: +49-721-25340<br \/>\nTelefax: +49-721-26627<\/p>\n<h2>Berufsrechtliche Regelungen<\/h2>\n<ul>\n<li><a title=\"BRAO\" href=\"http:\/\/bundesrecht.juris.de\/bundesrecht\/brao\/index.html\">Bundesrechtsanwaltsordnung (BRAO)<\/a><\/li>\n<li><a title=\"RVG\" href=\"http:\/\/bundesrecht.juris.de\/bundesrecht\/rvg\/\">Rechtsanwaltsverg\u00fctungsgesetz (RVG)<\/a><\/li>\n<li><a title=\"BORA\" href=\"http:\/\/www.brak.de\/w\/files\/02_fuer_anwaelte\/berufsrecht\/bora_stand_01.11.12.pdf\">Berufsordnung der Rechtsanw\u00e4lte (BORA)<\/a><\/li>\n<li><a title=\"FAO\" href=\"https:\/\/www.brak.de\/anwaltschaft\/berufsrecht\/allgemeine-informationen\/#c8011\">Fachanwaltsordnung (FAO)<\/a><\/li>\n<li><a title=\"CCBE\" href=\"http:\/\/www.brak.de\/w\/files\/02_fuer_anwaelte\/Berufsregeln_Mai%202006_090615.pdf\">Berufsregeln der Rechtsanw\u00e4lte der Europ\u00e4ischen Gemeinschaft (CCBE)<\/a><\/li>\n<li><a title=\"EuRAG\" href=\"http:\/\/www.gesetze-im-internet.de\/bundesrecht\/eurag\/index.html\">Gesetz \u00fcber die T\u00e4tigkeit europ\u00e4ischer Rechtsanw\u00e4lte in Deutschland (EuRAG)<\/a><\/li>\n<\/ul>\n<p>Die Regelungen und das RVG erhalten Sie auch auf der Internetseite der Bundesrechtsanwaltskammer unter <a title=\"Regelungen\" href=\"http:\/\/www.brak.de\/seiten\/06.php\">http:\/\/www.brak.de\/seiten\/06.php<\/a>.<\/p>\n<h2>Au\u00dfergerichtliche Streitschlichtung<\/h2>\n<p>Bei Streitigkeiten zwischen Rechtsanw\u00e4lten und ihren Auftraggebern besteht auf Antrag die M\u00f6glichkeit der au\u00dfergerichtlichen Streitschlichtung bei der regionalen Rechtsanwaltskammer (Karlsruhe) gem\u00e4\u00df \u00a7 73 Abs. 2 Nr. 3 i.V.m. \u00a7 73 Abs. 5 BRAO oder bei der Schlichtungsstelle der Rechtsanwaltschaft (\u00a7 191f BRAO) bei der Bundesrechtsanwaltskammer, im Internet zu finden \u00fcber die Homepage der Bundesrechtsanwaltskammer <a title=\"BRAK\" href=\"http:\/\/www.brak.de\">http:\/\/www.brak.de<\/a>, E-Mail: <a title=\"E-Mail-Programm \u00f6ffnen\" href=\"mailto:schlichtungsstelle@brak.de\">schlichtungsstelle@brak.de<\/a>.<\/p>\n<h2>Berufshaftpflichtversicherung<\/h2>\n<p>AXA Versicherung AG, Niederlassung Frankfurt, Lise-Meitner-Strasse 4, 60486 Frankfurt.<br \/>\nR\u00e4umlicher Geltungsbereich: Europa.<\/p>\n<h2>Geb\u00fchren<\/h2>\n<p>Informationen zur Berechnung der Anwaltsverg\u00fctung finden Sie <a title=\"Seite Informationen \u00f6ffnen\" href=\"http:\/\/www.kanzlei-kellner.org\/kosten.php#gebuehren\">hier<\/a>.<\/p>\n<h2>Verantwortlicher Redakteur<\/h2>\n<p>Rechtsanw\u00e4ltin Judith Kellner<\/p>\n<h2>Webmaster und Developer<\/h2>\n<p>Thomas Kellner<br \/>\nTherese-Blase Stra\u00dfe 11<br \/>\n68309 Mannheim<br \/>\n<a title=\"E-Mail-Programm \u00f6ffnen\" href=\"mailto:thomas.kellner@t-online.de\">thomas.kellner@t-online.de<\/a><\/p>\n<h2>Benutzerhinweise<\/h2>\n<h3>Allgemein<\/h3>\n<p>Die in dieser Website enthaltenen Informationen dienen allgemeinen Informationszwecken und stellen keine Beratung, insbesondere keine rechtliche Beratung dar. Sie sind weder daf\u00fcr vorgesehen noch dazu geeignet, eine individuelle Beratung unter Ber\u00fccksichtigung der konkreten Umst\u00e4nde des jeweiligen Einzelfalls zu ersetzen.<\/p>\n<p>Bei der Auswahl und Darstellung der Inhalte auf dieser Website haben wir uns um gr\u00f6\u00dftm\u00f6gliche Sorgfalt bem\u00fcht. Dennoch k\u00f6nnen wir keinerlei Haftung, aus welchem Rechtsgrund auch immer, f\u00fcr ihre Richtigkeit, Aktualit\u00e4t und Vollst\u00e4ndigkeit \u00fcbernehmen. Wir behalten uns vor, die Inhalte auf dieser Website jederzeit zu ver\u00e4ndern.<\/p>\n<p>Wir sind bem\u00fcht, durch die Auswahl der Links daf\u00fcr zu sorgen, dass wir keinen Zugriff auf unseri\u00f6se oder ungesetzliche Inhalte fremder Homepages erm\u00f6glichen. Eine Haftung daf\u00fcr m\u00fcssen wir jedoch insbesondere wegen der Schnelllebigkeit dieses Mediums und sich ggf. zuk\u00fcnftig neu entwickelnder technischer M\u00f6glichkeiten, auf die wir keinen Einflu\u00df haben, ausschlie\u00dfen.<\/p>\n<p>Jede Nutzung der auf dieser Website verf\u00fcgbaren urheberrechtlich gesch\u00fctzten Materialien und Informationen, die \u00fcber die blo\u00dfe Inanspruchnahme des allgemein zug\u00e4nglichen Informationsangebots hinausgeht, einschlie\u00dflich der Vervielf\u00e4ltigung oder des Vertriebs f\u00fcr gewerbliche oder eigene freiberufliche Zwecke, der Ver\u00e4nderung und der \u00f6ffentlichen Wiedergabe ist ohne unsere schriftliche Genehmigung untersagt.<\/p>\n<p>Das Herunterladen und Archivieren oder langfristige Speichern der zug\u00e4nglich gemachten Inhalte ist, ohne schriftliche Genehmigung von uns, untersagt. Ausgenommen von dieser Regelung ist die technisch notwendige Speicherung zur Anzeige sowie das browsereigene &#8222;Caching&#8220; zur Offline-Verf\u00fcgbarkeit.<\/p>\n<p>Wir weisen darauf hin, dass wir das Einbinden unserer Homepage in andere Webinhalte nicht erlauben. Verlinkungen sind davon selbstverst\u00e4ndlich ausgenommen.<\/p>\n<h3>Kommentare (Antworten)<\/h3>\n<p>Auf dieser Website ist es dem Benutzer m\u00f6glich, Kommentare \/ Antworten (nachfolgend nur &#8222;Kommentare&#8220;) zu verfassen. Wir behalten uns vor, diese Funktion jederzeit zu deaktivieren, sowie bereits erstellte Kommentare jederzeit zu \u00e4ndern, zu l\u00f6schen oder redaktionell zu bearbeiten. Alle Rechte an den verfassten Kommentaren (weitere Nutzung, Ver\u00f6ffentlichung, etc.) hat der Betreiber dieser Website. Die Haftung f\u00fcr den Inhalt der Kommentare tr\u00e4gt der Verfasser, von dem wir zwecks Schutz vor Spam oder ungesetzlichen Inhalten die E-Mail- und IP-Adresse sowie weitere Zugriffsdaten speichern.<\/p>\n<p>Durch das Verfassen und &#8222;posten&#8220; eines Kommentars akzeptiert der Benutzer diese Bedingungen.<\/p>\n","protected":false},"excerpt":{"rendered":"<p>ANGABEN GEM\u00c4\u00df \u00a7 5 TELEMEDIENGESETZ (TMG) Anbieter und inhaltlich Verantwortlicher Rechtsanw\u00e4ltin Judith Kellner Therese-Blase-Stra\u00dfe 11, D-68309 Mannheim Telefon: (0621) 73 44 46 Telefax: (0621) 799 43 061 Email: info@kanzlei-kellner.org USt-IdNr. DE143906071 Gesetzliche Berufsbezeichnung Rechtsanw\u00e4ltin Kellner ist als Rechtsanw\u00e4ltin in der Bundesrepublik Deutschland zugelassen. Zust\u00e4ndige Aufsichtsbeh\u00f6rde Rechtsanwaltskammer Karlsruhe Reinhold-Frank-Stra\u00dfe 72, 76133 Karlsruhe Telefon: +49-721-25340 Telefax: +49-721-26627 [&hellip;]<\/p>\n","protected":false},"author":3,"featured_media":0,"parent":0,"menu_order":0,"comment_status":"closed","ping_status":"closed","template":"","meta":[],"_links":{"self":[{"href":"https:\/\/www.kanzlei-kellner.org\/blog\/wp-json\/wp\/v2\/pages\/13"}],"collection":[{"href":"https:\/\/www.kanzlei-kellner.org\/blog\/wp-json\/wp\/v2\/pages"}],"about":[{"href":"https:\/\/www.kanzlei-kellner.org\/blog\/wp-json\/wp\/v2\/types\/page"}],"author":[{"embeddable":true,"href":"https:\/\/www.kanzlei-kellner.org\/blog\/wp-json\/wp\/v2\/users\/3"}],"replies":[{"embeddable":true,"href":"https:\/\/www.kanzlei-kellner.org\/blog\/wp-json\/wp\/v2\/comments?post=13"}],"version-history":[{"count":10,"href":"https:\/\/www.kanzlei-kellner.org\/blog\/wp-json\/wp\/v2\/pages\/13\/revisions"}],"predecessor-version":[{"id":379,"href":"https:\/\/www.kanzlei-kellner.org\/blog\/wp-json\/wp\/v2\/pages\/13\/revisions\/379"}],"wp:attachment":[{"href":"https:\/\/www.kanzlei-kellner.org\/blog\/wp-json\/wp\/v2\/media?parent=13"}],"curies":[{"name":"wp","href":"https:\/\/api.w.org\/{rel}","templated":true}]}}